{"id":11632,"date":"2024-11-26T15:50:52","date_gmt":"2024-11-26T13:50:52","guid":{"rendered":"https:\/\/enriquesegura.com\/?page_id=11632"},"modified":"2025-01-13T10:42:33","modified_gmt":"2025-01-13T08:42:33","slug":"ou-nous-trouver","status":"publish","type":"page","link":"https:\/\/enriquesegura.com\/fr\/ou-nous-trouver\/","title":{"rendered":"O\u00f9 nous trouver"},"content":{"rendered":"\t\t<div data-elementor-type=\"wp-page\" data-elementor-id=\"11632\" class=\"elementor elementor-11632 elementor-11598\">\n\t\t\t\t\t\t<section class=\"elementor-section elementor-top-section elementor-element elementor-element-1bb83ce elementor-section-boxed elementor-section-height-default elementor-section-height-default\" data-id=\"1bb83ce\" data-element_type=\"section\">\n\t\t\t\t\t\t<div class=\"elementor-container elementor-column-gap-default\">\n\t\t\t\t\t<div class=\"elementor-column elementor-col-100 elementor-top-column elementor-element elementor-element-695fd91\" data-id=\"695fd91\" data-element_type=\"column\">\n\t\t\t<div class=\"elementor-widget-wrap elementor-element-populated\">\n\t\t\t\t\t\t<div class=\"elementor-element elementor-element-bde06ce elementor-widget elementor-widget-spacer\" data-id=\"bde06ce\" data-element_type=\"widget\" data-widget_type=\"spacer.default\">\n\t\t\t\t<div class=\"elementor-widget-container\">\n\t\t\t\t\t<div class=\"elementor-spacer\">\n\t\t\t<div class=\"elementor-spacer-inner\"><\/div>\n\t\t<\/div>\n\t\t\t\t<\/div>\n\t\t\t\t<\/div>\n\t\t\t\t\t<\/div>\n\t\t<\/div>\n\t\t\t\t\t<\/div>\n\t\t<\/section>\n\t\t\t\t<section class=\"elementor-section elementor-top-section elementor-element elementor-element-afafe03 elementor-section-boxed elementor-section-height-default elementor-section-height-default\" data-id=\"afafe03\" data-element_type=\"section\">\n\t\t\t\t\t\t<div class=\"elementor-container elementor-column-gap-default\">\n\t\t\t\t\t<div class=\"elementor-column elementor-col-50 elementor-top-column elementor-element elementor-element-a496528\" data-id=\"a496528\" data-element_type=\"column\">\n\t\t\t<div class=\"elementor-widget-wrap elementor-element-populated\">\n\t\t\t\t\t\t<div class=\"elementor-element elementor-element-ac65af1 elementor-widget elementor-widget-heading\" data-id=\"ac65af1\" data-element_type=\"widget\" data-widget_type=\"heading.default\">\n\t\t\t\t<div class=\"elementor-widget-container\">\n\t\t\t<h2 class=\"elementor-heading-title elementor-size-default\">O\u00f9 nous trouver<\/h2>\t\t<\/div>\n\t\t\t\t<\/div>\n\t\t\t\t<div class=\"elementor-element elementor-element-e93a378 elementor-widget__width-initial elementor-widget elementor-widget-text-editor\" data-id=\"e93a378\" data-element_type=\"widget\" data-widget_type=\"text-editor.default\">\n\t\t\t\t<div class=\"elementor-widget-container\">\n\t\t\t\t\t\t\t<p>Si vous avez besoin de voir nos machines, nos pi\u00e8ces d\u00e9tach\u00e9es ou de r\u00e9soudre des questions, n&#8217;h\u00e9sitez pas \u00e0 nous rendre visite.<\/p>\n<p>Dans nos installations, vous pouvez voir les machines que nous avons \u00e0 vendre ou consulter notre \u00e9quipe de professionnels pour toute question. Nous proposons \u00e9galement un service client permanent pendant la campagne de r\u00e9colte, avec un personnel hautement qualifi\u00e9 disponible 24 heures.<\/p>\n<p>Visitez-nous \u00e0 <b>Villanueva de G\u00e1llego, Saragosse<\/b> et profitez de nos connaissances et de notre exp\u00e9rience pour obtenir le meilleur service en mati\u00e8re de machines agricoles.<\/p>\t\t\t\t\t\t<\/div>\n\t\t\t\t<\/div>\n\t\t\t\t\t<\/div>\n\t\t<\/div>\n\t\t\t\t<div class=\"elementor-column elementor-col-50 elementor-top-column elementor-element elementor-element-07f2534\" data-id=\"07f2534\" data-element_type=\"column\">\n\t\t\t<div class=\"elementor-widget-wrap elementor-element-populated\">\n\t\t\t\t\t\t<div class=\"elementor-element elementor-element-a7a28ca elementor-widget elementor-widget-google_maps\" data-id=\"a7a28ca\" data-element_type=\"widget\" data-widget_type=\"google_maps.default\">\n\t\t\t\t<div class=\"elementor-widget-container\">\n\t\t\t\t\t<div class=\"elementor-custom-embed\">\n\t\t\t<iframe loading=\"lazy\"\n\t\t\t\t\tsrc=\"https:\/\/maps.google.com\/maps?q=cosechadoras%20segura&#038;t=m&#038;z=10&#038;output=embed&#038;iwloc=near\"\n\t\t\t\t\ttitle=\"cosechadoras segura\"\n\t\t\t\t\taria-label=\"cosechadoras segura\"\n\t\t\t><\/iframe>\n\t\t<\/div>\n\t\t\t\t<\/div>\n\t\t\t\t<\/div>\n\t\t\t\t\t<\/div>\n\t\t<\/div>\n\t\t\t\t\t<\/div>\n\t\t<\/section>\n\t\t\t\t<section class=\"elementor-section elementor-top-section elementor-element elementor-element-c23a5b3 elementor-section-boxed elementor-section-height-default elementor-section-height-default\" data-id=\"c23a5b3\" data-element_type=\"section\">\n\t\t\t\t\t\t<div class=\"elementor-container elementor-column-gap-default\">\n\t\t\t\t\t<div class=\"elementor-column elementor-col-100 elementor-top-column elementor-element elementor-element-e46dc89\" data-id=\"e46dc89\" data-element_type=\"column\">\n\t\t\t<div class=\"elementor-widget-wrap elementor-element-populated\">\n\t\t\t\t\t\t<div class=\"elementor-element elementor-element-904cfc7 elementor-widget elementor-widget-spacer\" data-id=\"904cfc7\" data-element_type=\"widget\" data-widget_type=\"spacer.default\">\n\t\t\t\t<div class=\"elementor-widget-container\">\n\t\t\t\t\t<div class=\"elementor-spacer\">\n\t\t\t<div class=\"elementor-spacer-inner\"><\/div>\n\t\t<\/div>\n\t\t\t\t<\/div>\n\t\t\t\t<\/div>\n\t\t\t\t\t<\/div>\n\t\t<\/div>\n\t\t\t\t\t<\/div>\n\t\t<\/section>\n\t\t\t\t<\/div>\n\t\t","protected":false},"excerpt":{"rendered":"<p>O\u00f9 nous trouver Si vous avez besoin de voir nos machines, nos pi\u00e8ces d\u00e9tach\u00e9es ou de r\u00e9soudre des questions, n&#8217;h\u00e9sitez pas \u00e0 nous rendre visite. Dans nos installations, vous pouvez voir les machines que nous avons \u00e0 vendre ou consulter notre \u00e9quipe de professionnels pour toute question. Nous proposons \u00e9galement un service client permanent pendant &hellip;<\/p>\n","protected":false},"author":3,"featured_media":0,"parent":0,"menu_order":0,"comment_status":"closed","ping_status":"closed","template":"","meta":{"content-type":"","_monsterinsights_skip_tracking":false,"_monsterinsights_sitenote_active":false,"_monsterinsights_sitenote_note":"","_monsterinsights_sitenote_category":0,"footnotes":""},"class_list":["post-11632","page","type-page","status-publish","hentry","no-thumb"],"aioseo_notices":[],"_links":{"self":[{"href":"https:\/\/enriquesegura.com\/fr\/wp-json\/wp\/v2\/pages\/11632"}],"collection":[{"href":"https:\/\/enriquesegura.com\/fr\/wp-json\/wp\/v2\/pages"}],"about":[{"href":"https:\/\/enriquesegura.com\/fr\/wp-json\/wp\/v2\/types\/page"}],"author":[{"embeddable":true,"href":"https:\/\/enriquesegura.com\/fr\/wp-json\/wp\/v2\/users\/3"}],"replies":[{"embeddable":true,"href":"https:\/\/enriquesegura.com\/fr\/wp-json\/wp\/v2\/comments?post=11632"}],"version-history":[{"count":7,"href":"https:\/\/enriquesegura.com\/fr\/wp-json\/wp\/v2\/pages\/11632\/revisions"}],"predecessor-version":[{"id":12719,"href":"https:\/\/enriquesegura.com\/fr\/wp-json\/wp\/v2\/pages\/11632\/revisions\/12719"}],"wp:attachment":[{"href":"https:\/\/enriquesegura.com\/fr\/wp-json\/wp\/v2\/media?parent=11632"}],"curies":[{"name":"wp","href":"https:\/\/api.w.org\/{rel}","templated":true}]}}