{"id":12736,"date":"2025-01-13T16:56:33","date_gmt":"2025-01-13T14:56:33","guid":{"rendered":"https:\/\/enriquesegura.com\/?page_id=12736"},"modified":"2025-01-13T17:01:36","modified_gmt":"2025-01-13T15:01:36","slug":"distributeurs-ziegler","status":"publish","type":"page","link":"https:\/\/enriquesegura.com\/fr\/distributeurs-ziegler\/","title":{"rendered":"Distributeurs Ziegler"},"content":{"rendered":"\t\t<div data-elementor-type=\"wp-page\" data-elementor-id=\"12736\" class=\"elementor elementor-12736 elementor-11637\">\n\t\t\t\t\t\t<section class=\"elementor-section elementor-top-section elementor-element elementor-element-c3397ee elementor-section-boxed elementor-section-height-default elementor-section-height-default\" data-id=\"c3397ee\" data-element_type=\"section\">\n\t\t\t\t\t\t<div class=\"elementor-container elementor-column-gap-default\">\n\t\t\t\t\t<div class=\"elementor-column elementor-col-100 elementor-top-column elementor-element elementor-element-a33fee0\" data-id=\"a33fee0\" data-element_type=\"column\">\n\t\t\t<div class=\"elementor-widget-wrap elementor-element-populated\">\n\t\t\t\t\t\t<div class=\"elementor-element elementor-element-8873987 elementor-widget elementor-widget-spacer\" data-id=\"8873987\" data-element_type=\"widget\" data-widget_type=\"spacer.default\">\n\t\t\t\t<div class=\"elementor-widget-container\">\n\t\t\t\t\t<div class=\"elementor-spacer\">\n\t\t\t<div class=\"elementor-spacer-inner\"><\/div>\n\t\t<\/div>\n\t\t\t\t<\/div>\n\t\t\t\t<\/div>\n\t\t\t\t<div class=\"elementor-element elementor-element-5210c9e elementor-widget elementor-widget-heading\" data-id=\"5210c9e\" data-element_type=\"widget\" data-widget_type=\"heading.default\">\n\t\t\t\t<div class=\"elementor-widget-container\">\n\t\t\t<h2 class=\"elementor-heading-title elementor-size-default\">COUPES DE TOURNESOL ZIEGLER<\/h2>\t\t<\/div>\n\t\t\t\t<\/div>\n\t\t\t\t\t<\/div>\n\t\t<\/div>\n\t\t\t\t\t<\/div>\n\t\t<\/section>\n\t\t\t\t<section class=\"elementor-section elementor-top-section elementor-element elementor-element-e376bdb elementor-section-boxed elementor-section-height-default elementor-section-height-default\" data-id=\"e376bdb\" data-element_type=\"section\">\n\t\t\t\t\t\t<div class=\"elementor-container elementor-column-gap-default\">\n\t\t\t\t\t<div class=\"elementor-column elementor-col-100 elementor-top-column elementor-element elementor-element-678f2a1\" data-id=\"678f2a1\" data-element_type=\"column\">\n\t\t\t<div class=\"elementor-widget-wrap elementor-element-populated\">\n\t\t\t\t\t\t<div class=\"elementor-element elementor-element-ff81d84 elementor-arrows-position-inside elementor-pagination-position-outside elementor-widget elementor-widget-image-carousel\" data-id=\"ff81d84\" data-element_type=\"widget\" data-settings=\"{&quot;navigation&quot;:&quot;both&quot;,&quot;autoplay&quot;:&quot;yes&quot;,&quot;pause_on_hover&quot;:&quot;yes&quot;,&quot;pause_on_interaction&quot;:&quot;yes&quot;,&quot;autoplay_speed&quot;:5000,&quot;infinite&quot;:&quot;yes&quot;,&quot;speed&quot;:500}\" data-widget_type=\"image-carousel.default\">\n\t\t\t\t<div class=\"elementor-widget-container\">\n\t\t\t\t\t<div class=\"elementor-image-carousel-wrapper swiper\" dir=\"ltr\">\n\t\t\t<div class=\"elementor-image-carousel swiper-wrapper\" aria-live=\"off\">\n\t\t\t\t\t\t\t\t<div class=\"swiper-slide\" role=\"group\" aria-roledescription=\"slide\" aria-label=\"1 sur 7\"><figure class=\"swiper-slide-inner\"><img decoding=\"async\" class=\"swiper-slide-image\" src=\"https:\/\/enriquesegura.com\/wp-content\/uploads\/2024\/11\/2023_ZIE_HAR_FLEX_PROFI_01-768x403.jpg\" alt=\"\" \/><\/figure><\/div><div class=\"swiper-slide\" role=\"group\" aria-roledescription=\"slide\" aria-label=\"2 sur 7\"><figure class=\"swiper-slide-inner\"><img decoding=\"async\" class=\"swiper-slide-image\" src=\"https:\/\/enriquesegura.com\/wp-content\/uploads\/2024\/11\/2023_ZIE_HAR_FLEX_PROFI_08-600x315-1-jpg.webp\" alt=\"\" \/><\/figure><\/div><div class=\"swiper-slide\" role=\"group\" aria-roledescription=\"slide\" aria-label=\"3 sur 7\"><figure class=\"swiper-slide-inner\"><img decoding=\"async\" class=\"swiper-slide-image\" src=\"https:\/\/enriquesegura.com\/wp-content\/uploads\/2024\/11\/2023_ZIE_HAR_FLEX_PROFI_10-600x315-1-jpg.webp\" alt=\"\" \/><\/figure><\/div><div class=\"swiper-slide\" role=\"group\" aria-roledescription=\"slide\" aria-label=\"4 sur 7\"><figure class=\"swiper-slide-inner\"><img decoding=\"async\" class=\"swiper-slide-image\" src=\"https:\/\/enriquesegura.com\/wp-content\/uploads\/2024\/11\/2023_ZIE_HAR_SUNMASTER_PRO_ROWFREE_01_front-600x315-1-jpg.webp\" alt=\"\" \/><\/figure><\/div><div class=\"swiper-slide\" role=\"group\" aria-roledescription=\"slide\" aria-label=\"5 sur 7\"><figure class=\"swiper-slide-inner\"><img decoding=\"async\" class=\"swiper-slide-image\" src=\"https:\/\/enriquesegura.com\/wp-content\/uploads\/2024\/11\/2023_ZIE_HAR_SUNMASTER_PRO_ROWFREE_03_front-600x315-1-jpg.webp\" alt=\"\" \/><\/figure><\/div><div class=\"swiper-slide\" role=\"group\" aria-roledescription=\"slide\" aria-label=\"6 sur 7\"><figure class=\"swiper-slide-inner\"><img decoding=\"async\" class=\"swiper-slide-image\" src=\"https:\/\/enriquesegura.com\/wp-content\/uploads\/2024\/11\/2023_ZIE_HAR_SUNMASTER_PRO_ROWFREE_06_front-600x315-1-jpg.webp\" alt=\"\" \/><\/figure><\/div><div class=\"swiper-slide\" role=\"group\" aria-roledescription=\"slide\" aria-label=\"7 sur 7\"><figure class=\"swiper-slide-inner\"><img decoding=\"async\" class=\"swiper-slide-image\" src=\"https:\/\/enriquesegura.com\/wp-content\/uploads\/2024\/11\/2023_ZIE_HAR_SUNMASTER_PRO_ROWFREE_09_front-600x315-1-jpg.webp\" alt=\"\" \/><\/figure><\/div>\t\t\t<\/div>\n\t\t\t\t\t\t\t\t\t\t\t\t<div class=\"elementor-swiper-button elementor-swiper-button-prev\" role=\"button\" tabindex=\"0\">\n\t\t\t\t\t\t<i aria-hidden=\"true\" class=\"eicon-chevron-left\"><\/i>\t\t\t\t\t<\/div>\n\t\t\t\t\t<div class=\"elementor-swiper-button elementor-swiper-button-next\" role=\"button\" tabindex=\"0\">\n\t\t\t\t\t\t<i aria-hidden=\"true\" class=\"eicon-chevron-right\"><\/i>\t\t\t\t\t<\/div>\n\t\t\t\t\n\t\t\t\t\t\t\t\t\t<div class=\"swiper-pagination\"><\/div>\n\t\t\t\t\t\t\t\t\t<\/div>\n\t\t\t\t<\/div>\n\t\t\t\t<\/div>\n\t\t\t\t\t<\/div>\n\t\t<\/div>\n\t\t\t\t\t<\/div>\n\t\t<\/section>\n\t\t\t\t<section class=\"elementor-section elementor-top-section elementor-element elementor-element-c34f02d elementor-section-boxed elementor-section-height-default elementor-section-height-default\" data-id=\"c34f02d\" data-element_type=\"section\">\n\t\t\t\t\t\t<div class=\"elementor-container elementor-column-gap-default\">\n\t\t\t\t\t<div class=\"elementor-column elementor-col-100 elementor-top-column elementor-element elementor-element-70fc9e8\" data-id=\"70fc9e8\" data-element_type=\"column\">\n\t\t\t<div class=\"elementor-widget-wrap elementor-element-populated\">\n\t\t\t\t\t\t<div class=\"elementor-element elementor-element-4856d3b elementor-widget elementor-widget-text-editor\" data-id=\"4856d3b\" data-element_type=\"widget\" data-widget_type=\"text-editor.default\">\n\t\t\t\t<div class=\"elementor-widget-container\">\n\t\t\t\t\t\t\t<h4>R\u00c9COLTE DE TOURNESOL AVEC Ziegler : INNOVATION ET QUALIT\u00c9 ALLEMANDE<\/h4><p>Chez <b>Cosechadoras Segura<\/b>, nous savons que la r\u00e9colte du tournesol exige pr\u00e9cision et efficacit\u00e9. C&#8217;est pourquoi nous faisons confiance \u00e0 Ziegler, une entreprise allemande avec plus de 100 ans d&#8217;exp\u00e9rience dans le secteur agricole. <b>Ziegler <\/b>s&#8217;est impos\u00e9e comme leader dans le d\u00e9veloppement de machines agricoles de haute qualit\u00e9, et ses solutions pour la r\u00e9colte du tournesol ne font pas exception.<\/p><p><span style=\"letter-spacing: 0em;\">Ci-dessous, vous pouvez d\u00e9couvrir en d\u00e9tail les produits que nous proposons en tant que distributeurs officiels Ziegler. Sur les images, vous pouvez voir les caract\u00e9ristiques et les sp\u00e9cifications techniques des cueilleurs disponibles, con\u00e7us pour optimiser chaque r\u00e9colte de tournesol. Si vous avez des questions ou si vous avez besoin de plus d&#8217;informations, n&#8217;h\u00e9sitez pas \u00e0 nous appeler (+34 628 381000) ; nous serons heureux de vous aider \u00e0 choisir la machine qui correspond le mieux \u00e0 vos besoins.<\/span><\/p>\t\t\t\t\t\t<\/div>\n\t\t\t\t<\/div>\n\t\t\t\t\t<\/div>\n\t\t<\/div>\n\t\t\t\t\t<\/div>\n\t\t<\/section>\n\t\t\t\t<section class=\"elementor-section elementor-top-section elementor-element elementor-element-9bd13e0 elementor-section-boxed elementor-section-height-default elementor-section-height-default\" data-id=\"9bd13e0\" data-element_type=\"section\">\n\t\t\t\t\t\t<div class=\"elementor-container elementor-column-gap-default\">\n\t\t\t\t\t<div class=\"elementor-column elementor-col-100 elementor-top-column elementor-element elementor-element-6d81411\" data-id=\"6d81411\" data-element_type=\"column\">\n\t\t\t<div class=\"elementor-widget-wrap elementor-element-populated\">\n\t\t\t\t\t\t<div class=\"elementor-element elementor-element-44f26f0 elementor-widget elementor-widget-html\" data-id=\"44f26f0\" data-element_type=\"widget\" data-widget_type=\"html.default\">\n\t\t\t\t<div class=\"elementor-widget-container\">\n\t\t\t<iframe src=https:\/\/enriquesegura.com\/wp-content\/uploads\/2025\/01\/Ziegler-Frances.pdf height=\"600px\">\r\n<\/iframe>\r\n\t\t<\/div>\n\t\t\t\t<\/div>\n\t\t\t\t\t<\/div>\n\t\t<\/div>\n\t\t\t\t\t<\/div>\n\t\t<\/section>\n\t\t\t\t<section class=\"elementor-section elementor-top-section elementor-element elementor-element-cf061a5 elementor-section-boxed elementor-section-height-default elementor-section-height-default\" data-id=\"cf061a5\" data-element_type=\"section\">\n\t\t\t\t\t\t<div class=\"elementor-container elementor-column-gap-default\">\n\t\t\t\t\t<div class=\"elementor-column elementor-col-100 elementor-top-column elementor-element elementor-element-4094dbe\" data-id=\"4094dbe\" data-element_type=\"column\">\n\t\t\t<div class=\"elementor-widget-wrap elementor-element-populated\">\n\t\t\t\t\t\t<div class=\"elementor-element elementor-element-89277a7 elementor-widget elementor-widget-text-editor\" data-id=\"89277a7\" data-element_type=\"widget\" data-widget_type=\"text-editor.default\">\n\t\t\t\t<div class=\"elementor-widget-container\">\n\t\t\t\t\t\t\t<h4>SI VOUS CHERCHEZ LA MEILLEURE TECHNOLOGIE POUR LA R\u00c9COLTE DU TOURNESOL, NE CHERCHEZ PLUS. <b>DEMANDEZ ZIEGLER CHEZ COSECHADORAS SEGURA<\/b> ET \u00c9QUIPEZ VOTRE R\u00c9COLTEUSE DES MEILLEURS COUPES DU MARCH\u00c9, NOUS SOMMES LE MEILLEUR CHOIX.<\/h4>\t\t\t\t\t\t<\/div>\n\t\t\t\t<\/div>\n\t\t\t\t\t<\/div>\n\t\t<\/div>\n\t\t\t\t\t<\/div>\n\t\t<\/section>\n\t\t\t\t<\/div>\n\t\t","protected":false},"excerpt":{"rendered":"<p>COUPES DE TOURNESOL ZIEGLER R\u00c9COLTE DE TOURNESOL AVEC Ziegler : INNOVATION ET QUALIT\u00c9 ALLEMANDE Chez Cosechadoras Segura, nous savons que la r\u00e9colte du tournesol exige pr\u00e9cision et efficacit\u00e9. C&#8217;est pourquoi nous faisons confiance \u00e0 Ziegler, une entreprise allemande avec plus de 100 ans d&#8217;exp\u00e9rience dans le secteur agricole. Ziegler s&#8217;est impos\u00e9e comme leader dans le &hellip;<\/p>\n","protected":false},"author":3,"featured_media":0,"parent":0,"menu_order":0,"comment_status":"closed","ping_status":"closed","template":"","meta":{"content-type":"","_monsterinsights_skip_tracking":false,"_monsterinsights_sitenote_active":false,"_monsterinsights_sitenote_note":"","_monsterinsights_sitenote_category":0,"footnotes":""},"class_list":["post-12736","page","type-page","status-publish","hentry","no-thumb"],"aioseo_notices":[],"_links":{"self":[{"href":"https:\/\/enriquesegura.com\/fr\/wp-json\/wp\/v2\/pages\/12736"}],"collection":[{"href":"https:\/\/enriquesegura.com\/fr\/wp-json\/wp\/v2\/pages"}],"about":[{"href":"https:\/\/enriquesegura.com\/fr\/wp-json\/wp\/v2\/types\/page"}],"author":[{"embeddable":true,"href":"https:\/\/enriquesegura.com\/fr\/wp-json\/wp\/v2\/users\/3"}],"replies":[{"embeddable":true,"href":"https:\/\/enriquesegura.com\/fr\/wp-json\/wp\/v2\/comments?post=12736"}],"version-history":[{"count":6,"href":"https:\/\/enriquesegura.com\/fr\/wp-json\/wp\/v2\/pages\/12736\/revisions"}],"predecessor-version":[{"id":12745,"href":"https:\/\/enriquesegura.com\/fr\/wp-json\/wp\/v2\/pages\/12736\/revisions\/12745"}],"wp:attachment":[{"href":"https:\/\/enriquesegura.com\/fr\/wp-json\/wp\/v2\/media?parent=12736"}],"curies":[{"name":"wp","href":"https:\/\/api.w.org\/{rel}","templated":true}]}}