{"id":5745,"date":"2021-04-28T19:20:40","date_gmt":"2021-04-28T17:20:40","guid":{"rendered":"https:\/\/enriquesegura.com\/macdon\/"},"modified":"2024-10-23T15:13:25","modified_gmt":"2024-10-23T13:13:25","slug":"macdon","status":"publish","type":"page","link":"https:\/\/enriquesegura.com\/fr\/macdon\/","title":{"rendered":"MACDON"},"content":{"rendered":"\t\t<div data-elementor-type=\"wp-post\" data-elementor-id=\"5745\" class=\"elementor elementor-5745 elementor-4340\">\n\t\t\t\t\t\t<section class=\"elementor-section elementor-top-section elementor-element elementor-element-nsrmu61 elementor-section-boxed elementor-section-height-default elementor-section-height-default\" data-id=\"nsrmu61\" data-element_type=\"section\" data-settings=\"{&quot;background_background&quot;:&quot;classic&quot;}\">\n\t\t\t\t\t\t\t<div class=\"elementor-background-overlay\"><\/div>\n\t\t\t\t\t\t\t<div class=\"elementor-container elementor-column-gap-default\">\n\t\t\t\t\t<div class=\"elementor-column elementor-col-100 elementor-top-column elementor-element elementor-element-dmd9s78\" data-id=\"dmd9s78\" data-element_type=\"column\">\n\t\t\t<div class=\"elementor-widget-wrap elementor-element-populated\">\n\t\t\t\t\t\t<div class=\"elementor-element elementor-element-m6r76rv elementor-widget elementor-widget-heading\" data-id=\"m6r76rv\" data-element_type=\"widget\" data-widget_type=\"heading.default\">\n\t\t\t\t<div class=\"elementor-widget-container\">\n\t\t\t<h1 class=\"elementor-heading-title elementor-size-large\">MacDon<\/h1>\t\t<\/div>\n\t\t\t\t<\/div>\n\t\t\t\t<div class=\"elementor-element elementor-element-7a14a3d elementor-widget elementor-widget-spacer\" data-id=\"7a14a3d\" data-element_type=\"widget\" data-widget_type=\"spacer.default\">\n\t\t\t\t<div class=\"elementor-widget-container\">\n\t\t\t\t\t<div class=\"elementor-spacer\">\n\t\t\t<div class=\"elementor-spacer-inner\"><\/div>\n\t\t<\/div>\n\t\t\t\t<\/div>\n\t\t\t\t<\/div>\n\t\t\t\t<div class=\"elementor-element elementor-element-77f2cfe elementor-widget elementor-widget-heading\" data-id=\"77f2cfe\" data-element_type=\"widget\" data-widget_type=\"heading.default\">\n\t\t\t\t<div class=\"elementor-widget-container\">\n\t\t\t<h3 class=\"elementor-heading-title elementor-size-xl\">Les plateformes de coupes MacDon \u00e0 la majorit\u00e9 des moissonneuses-batteuses des grandes marques.<\/h3>\t\t<\/div>\n\t\t\t\t<\/div>\n\t\t\t\t\t<\/div>\n\t\t<\/div>\n\t\t\t\t\t<\/div>\n\t\t<\/section>\n\t\t\t\t<section class=\"elementor-section elementor-top-section elementor-element elementor-element-gmmrdsv elementor-section-boxed elementor-section-height-default elementor-section-height-default\" data-id=\"gmmrdsv\" data-element_type=\"section\">\n\t\t\t\t\t\t<div class=\"elementor-container elementor-column-gap-default\">\n\t\t\t\t\t<div class=\"elementor-column elementor-col-100 elementor-top-column elementor-element elementor-element-60g0b11\" data-id=\"60g0b11\" data-element_type=\"column\">\n\t\t\t<div class=\"elementor-widget-wrap elementor-element-populated\">\n\t\t\t\t\t\t<div class=\"elementor-element elementor-element-oa2uo3e elementor-widget elementor-widget-heading\" data-id=\"oa2uo3e\" data-element_type=\"widget\" data-widget_type=\"heading.default\">\n\t\t\t\t<div class=\"elementor-widget-container\">\n\t\t\t<h3 class=\"elementor-heading-title elementor-size-default\">Distributeurs MacDon<\/h3>\t\t<\/div>\n\t\t\t\t<\/div>\n\t\t\t\t<div class=\"elementor-element elementor-element-wwpz5s9 elementor-widget elementor-widget-spacer\" data-id=\"wwpz5s9\" data-element_type=\"widget\" data-widget_type=\"spacer.default\">\n\t\t\t\t<div class=\"elementor-widget-container\">\n\t\t\t\t\t<div class=\"elementor-spacer\">\n\t\t\t<div class=\"elementor-spacer-inner\"><\/div>\n\t\t<\/div>\n\t\t\t\t<\/div>\n\t\t\t\t<\/div>\n\t\t\t\t\t<\/div>\n\t\t<\/div>\n\t\t\t\t\t<\/div>\n\t\t<\/section>\n\t\t\t\t<section class=\"elementor-section elementor-top-section elementor-element elementor-element-37b1160 elementor-section-boxed elementor-section-height-default elementor-section-height-default\" data-id=\"37b1160\" data-element_type=\"section\">\n\t\t\t\t\t\t<div class=\"elementor-container elementor-column-gap-default\">\n\t\t\t\t\t<div class=\"elementor-column elementor-col-50 elementor-top-column elementor-element elementor-element-e2ec9df\" data-id=\"e2ec9df\" data-element_type=\"column\">\n\t\t\t<div class=\"elementor-widget-wrap elementor-element-populated\">\n\t\t\t\t\t\t<div class=\"elementor-element elementor-element-29bdeef elementor-widget elementor-widget-image\" data-id=\"29bdeef\" data-element_type=\"widget\" data-widget_type=\"image.default\">\n\t\t\t\t<div class=\"elementor-widget-container\">\n\t\t\t\t\t\t\t\t\t\t\t\t\t<img fetchpriority=\"high\" decoding=\"async\" width=\"900\" height=\"450\" src=\"https:\/\/enriquesegura.com\/wp-content\/uploads\/2020\/09\/Features_900x450_FD75_Flex_900_450_80_s_c1-jpg.webp\" class=\"attachment-large size-large wp-image-4346\" alt=\"\" \/>\t\t\t\t\t\t\t\t\t\t\t\t\t<\/div>\n\t\t\t\t<\/div>\n\t\t\t\t\t<\/div>\n\t\t<\/div>\n\t\t\t\t<div class=\"elementor-column elementor-col-50 elementor-top-column elementor-element elementor-element-039fa0f\" data-id=\"039fa0f\" data-element_type=\"column\">\n\t\t\t<div class=\"elementor-widget-wrap elementor-element-populated\">\n\t\t\t\t\t\t<div class=\"elementor-element elementor-element-a76311d elementor-widget elementor-widget-text-editor\" data-id=\"a76311d\" data-element_type=\"widget\" data-widget_type=\"text-editor.default\">\n\t\t\t\t<div class=\"elementor-widget-container\">\n\t\t\t\t\t\t\t<p>MacDon Industries Ltd. est un fabricant canadien qui est un chef de file mondial dans la technologie, l&#8217;innovation et la fabrication d&#8217;\u00e9quipement de r\u00e9colte haut de gamme depuis plus de 70 ans. Notre plateforme de coupe \u00e0 tapis FD1 FlexDraper\u00ae est disponible de 7,60 m \u00e0 13,70 m. les plateformes de coupes MacDon \u00e0 la majorit\u00e9 des moissonneuses-batteuses des grandes marques.<\/p>\n<p>Notre plateforme de coupe conserve un \u00e9cart \u00e9troit entre la barre<br \/>\nde coupe et les doigts de rabatteur. C&#8217;est bien cet \u00e9cart qui permet de conserver une alimentation de la plateforme de coupe consistante sur sa largeur totale. Une innovation qui augmente la productivit\u00e9<br \/>\ndes batteuses sans pr\u00e9c\u00e9dents.<\/p>\n<p>FlexDraper\u00ae mise d\u2019abord sur un syst\u00e8me de flottaison actif qui lui permet de se maintenir au ras du sol sans pour autant pousser la terre. La t\u00eate conserve son efficacit\u00e9 dans toutes les conditions<\/p>\n\t\t\t\t\t\t<\/div>\n\t\t\t\t<\/div>\n\t\t\t\t\t<\/div>\n\t\t<\/div>\n\t\t\t\t\t<\/div>\n\t\t<\/section>\n\t\t\t\t<section class=\"elementor-section elementor-top-section elementor-element elementor-element-31228b9 elementor-section-boxed elementor-section-height-default elementor-section-height-default\" data-id=\"31228b9\" data-element_type=\"section\">\n\t\t\t\t\t\t<div class=\"elementor-container elementor-column-gap-default\">\n\t\t\t\t\t<div class=\"elementor-column elementor-col-100 elementor-top-column elementor-element elementor-element-a9218a6\" data-id=\"a9218a6\" data-element_type=\"column\">\n\t\t\t<div class=\"elementor-widget-wrap elementor-element-populated\">\n\t\t\t\t\t\t<div class=\"elementor-element elementor-element-016056c elementor-widget elementor-widget-spacer\" data-id=\"016056c\" data-element_type=\"widget\" data-widget_type=\"spacer.default\">\n\t\t\t\t<div class=\"elementor-widget-container\">\n\t\t\t\t\t<div class=\"elementor-spacer\">\n\t\t\t<div class=\"elementor-spacer-inner\"><\/div>\n\t\t<\/div>\n\t\t\t\t<\/div>\n\t\t\t\t<\/div>\n\t\t\t\t\t<\/div>\n\t\t<\/div>\n\t\t\t\t\t<\/div>\n\t\t<\/section>\n\t\t\t\t<\/div>\n\t\t","protected":false},"excerpt":{"rendered":"<p>MacDon Les plateformes de coupes MacDon \u00e0 la majorit\u00e9 des moissonneuses-batteuses des grandes marques. Distributeurs MacDon MacDon Industries Ltd. est un fabricant canadien qui est un chef de file mondial dans la technologie, l&#8217;innovation et la fabrication d&#8217;\u00e9quipement de r\u00e9colte haut de gamme depuis plus de 70 ans. Notre plateforme de coupe \u00e0 tapis FD1 &hellip;<\/p>\n","protected":false},"author":1,"featured_media":0,"parent":0,"menu_order":0,"comment_status":"closed","ping_status":"closed","template":"","meta":{"content-type":"","_monsterinsights_skip_tracking":false,"_monsterinsights_sitenote_active":false,"_monsterinsights_sitenote_note":"","_monsterinsights_sitenote_category":0,"footnotes":""},"class_list":["post-5745","page","type-page","status-publish","hentry","no-thumb"],"aioseo_notices":[],"_links":{"self":[{"href":"https:\/\/enriquesegura.com\/fr\/wp-json\/wp\/v2\/pages\/5745"}],"collection":[{"href":"https:\/\/enriquesegura.com\/fr\/wp-json\/wp\/v2\/pages"}],"about":[{"href":"https:\/\/enriquesegura.com\/fr\/wp-json\/wp\/v2\/types\/page"}],"author":[{"embeddable":true,"href":"https:\/\/enriquesegura.com\/fr\/wp-json\/wp\/v2\/users\/1"}],"replies":[{"embeddable":true,"href":"https:\/\/enriquesegura.com\/fr\/wp-json\/wp\/v2\/comments?post=5745"}],"version-history":[{"count":4,"href":"https:\/\/enriquesegura.com\/fr\/wp-json\/wp\/v2\/pages\/5745\/revisions"}],"predecessor-version":[{"id":11083,"href":"https:\/\/enriquesegura.com\/fr\/wp-json\/wp\/v2\/pages\/5745\/revisions\/11083"}],"wp:attachment":[{"href":"https:\/\/enriquesegura.com\/fr\/wp-json\/wp\/v2\/media?parent=5745"}],"curies":[{"name":"wp","href":"https:\/\/api.w.org\/{rel}","templated":true}]}}