{"id":11800,"date":"2024-12-04T11:30:38","date_gmt":"2024-12-04T09:30:38","guid":{"rendered":"https:\/\/enriquesegura.com\/cosechadoras-segunda-mano\/new-holland-cs540\/"},"modified":"2025-03-19T12:26:12","modified_gmt":"2025-03-19T10:26:12","slug":"new-holland-cs540","status":"publish","type":"product","link":"https:\/\/enriquesegura.com\/fr\/cosechadoras-segunda-mano\/new-holland-cs540\/","title":{"rendered":"NEW HOLLAND CS540"},"content":{"rendered":"","protected":false},"excerpt":{"rendered":"<p>Moissonneuse-batteuse New Holland CS540 d&#8217;occasion<\/p>\n<p>Ann\u00e9e : 2004<br \/>\nHeures : 2100<br \/>\nCoupe : 4,57 m<\/p>\n<p>S\u00e9parateur rotatif, broyeur et \u00e9pandeur, crible de nivellement arri\u00e8re<\/p>\n<p>Pour plus d\u2019informations : +34 976 185020 \/\/ +34 628 381000<\/p>\n","protected":false},"featured_media":13751,"template":"","meta":{"content-type":"","_monsterinsights_skip_tracking":false,"_monsterinsights_sitenote_active":false,"_monsterinsights_sitenote_note":"","_monsterinsights_sitenote_category":0},"product_brand":[],"product_cat":[92],"product_tag":[],"class_list":{"0":"post-11800","1":"product","2":"type-product","3":"status-publish","4":"has-post-thumbnail","6":"product_cat-moissonneuses-doccasion","7":"has-thumb","9":"first","10":"instock","11":"shipping-taxable","12":"product-type-simple"},"aioseo_notices":[],"_links":{"self":[{"href":"https:\/\/enriquesegura.com\/fr\/wp-json\/wp\/v2\/product\/11800"}],"collection":[{"href":"https:\/\/enriquesegura.com\/fr\/wp-json\/wp\/v2\/product"}],"about":[{"href":"https:\/\/enriquesegura.com\/fr\/wp-json\/wp\/v2\/types\/product"}],"version-history":[{"count":3,"href":"https:\/\/enriquesegura.com\/fr\/wp-json\/wp\/v2\/product\/11800\/revisions"}],"predecessor-version":[{"id":12961,"href":"https:\/\/enriquesegura.com\/fr\/wp-json\/wp\/v2\/product\/11800\/revisions\/12961"}],"wp:featuredmedia":[{"embeddable":true,"href":"https:\/\/enriquesegura.com\/fr\/wp-json\/wp\/v2\/media\/13751"}],"wp:attachment":[{"href":"https:\/\/enriquesegura.com\/fr\/wp-json\/wp\/v2\/media?parent=11800"}],"wp:term":[{"taxonomy":"product_brand","embeddable":true,"href":"https:\/\/enriquesegura.com\/fr\/wp-json\/wp\/v2\/product_brand?post=11800"},{"taxonomy":"product_cat","embeddable":true,"href":"https:\/\/enriquesegura.com\/fr\/wp-json\/wp\/v2\/product_cat?post=11800"},{"taxonomy":"product_tag","embeddable":true,"href":"https:\/\/enriquesegura.com\/fr\/wp-json\/wp\/v2\/product_tag?post=11800"}],"curies":[{"name":"wp","href":"https:\/\/api.w.org\/{rel}","templated":true}]}}