{"id":12476,"date":"2025-01-08T16:23:53","date_gmt":"2025-01-08T14:23:53","guid":{"rendered":"https:\/\/enriquesegura.com\/cosechadoras-segunda-mano\/boite-de-vitesses-new-holland-tx\/"},"modified":"2025-01-09T11:10:32","modified_gmt":"2025-01-09T09:10:32","slug":"boite-de-vitesses-new-holland-tx","status":"publish","type":"product","link":"https:\/\/enriquesegura.com\/fr\/cosechadoras-segunda-mano\/boite-de-vitesses-new-holland-tx\/","title":{"rendered":"BO\u00ceTE DE VITESSES NEW HOLLAND TX"},"content":{"rendered":"","protected":false},"excerpt":{"rendered":"<p>Pi\u00e8ce d\u00e9tach\u00e9e : BO\u00ceTE DE VITESSES NEW HOLLAND TX<\/p>\n<p>R\u00e9par\u00e9<\/p>\n<p>Comme neuf<\/p>\n<p>Pour plus d&#8217;informations : +34 976 185020 \/\/ +34 628 381000<\/p>\n","protected":false},"featured_media":12403,"template":"","meta":{"content-type":"","_monsterinsights_skip_tracking":false,"_monsterinsights_sitenote_active":false,"_monsterinsights_sitenote_note":"","_monsterinsights_sitenote_category":0},"product_brand":[],"product_cat":[132],"product_tag":[],"class_list":{"0":"post-12476","1":"product","2":"type-product","3":"status-publish","4":"has-post-thumbnail","6":"product_cat-pieces-de-rechange-doccasion","7":"has-thumb","9":"first","10":"instock","11":"shipping-taxable","12":"product-type-simple"},"aioseo_notices":[],"_links":{"self":[{"href":"https:\/\/enriquesegura.com\/fr\/wp-json\/wp\/v2\/product\/12476"}],"collection":[{"href":"https:\/\/enriquesegura.com\/fr\/wp-json\/wp\/v2\/product"}],"about":[{"href":"https:\/\/enriquesegura.com\/fr\/wp-json\/wp\/v2\/types\/product"}],"version-history":[{"count":1,"href":"https:\/\/enriquesegura.com\/fr\/wp-json\/wp\/v2\/product\/12476\/revisions"}],"predecessor-version":[{"id":12477,"href":"https:\/\/enriquesegura.com\/fr\/wp-json\/wp\/v2\/product\/12476\/revisions\/12477"}],"wp:featuredmedia":[{"embeddable":true,"href":"https:\/\/enriquesegura.com\/fr\/wp-json\/wp\/v2\/media\/12403"}],"wp:attachment":[{"href":"https:\/\/enriquesegura.com\/fr\/wp-json\/wp\/v2\/media?parent=12476"}],"wp:term":[{"taxonomy":"product_brand","embeddable":true,"href":"https:\/\/enriquesegura.com\/fr\/wp-json\/wp\/v2\/product_brand?post=12476"},{"taxonomy":"product_cat","embeddable":true,"href":"https:\/\/enriquesegura.com\/fr\/wp-json\/wp\/v2\/product_cat?post=12476"},{"taxonomy":"product_tag","embeddable":true,"href":"https:\/\/enriquesegura.com\/fr\/wp-json\/wp\/v2\/product_tag?post=12476"}],"curies":[{"name":"wp","href":"https:\/\/api.w.org\/{rel}","templated":true}]}}